{"id":2614,"date":"2025-08-21T18:01:35","date_gmt":"2025-08-21T18:01:35","guid":{"rendered":"https:\/\/doublemyleads.com\/inicio-wa-y-ai\/"},"modified":"2025-03-25T01:07:46","modified_gmt":"2025-03-25T01:07:46","slug":"inicio-wa-y-ai","status":"publish","type":"page","link":"https:\/\/doublemyleads.com\/es\/inicio-wa-y-ai\/","title":{"rendered":"Inicio WA y AI"},"content":{"rendered":"\t\t<div data-elementor-type=\"wp-page\" data-elementor-id=\"2614\" class=\"elementor elementor-2614 elementor-2152\">\n\t\t\t\t\t\t<section class=\"elementor-section elementor-top-section elementor-element elementor-element-e7caf30 elementor-section-boxed elementor-section-height-default elementor-section-height-default\" data-id=\"e7caf30\" data-element_type=\"section\" data-e-type=\"section\">\n\t\t\t\t\t\t<div class=\"elementor-container elementor-column-gap-default\">\n\t\t\t\t\t<div class=\"elementor-column elementor-col-16 elementor-top-column elementor-element elementor-element-b73ec54\" data-id=\"b73ec54\" data-element_type=\"column\" data-e-type=\"column\">\n\t\t\t<div class=\"elementor-widget-wrap\">\n\t\t\t\t\t\t\t<\/div>\n\t\t<\/div>\n\t\t\t\t<div class=\"elementor-column elementor-col-66 elementor-top-column elementor-element elementor-element-997e507\" data-id=\"997e507\" data-element_type=\"column\" data-e-type=\"column\">\n\t\t\t<div class=\"elementor-widget-wrap elementor-element-populated\">\n\t\t\t\t\t\t<div class=\"elementor-element elementor-element-ec4e2e7 elementor-widget elementor-widget-image\" data-id=\"ec4e2e7\" data-element_type=\"widget\" data-e-type=\"widget\" data-widget_type=\"image.default\">\n\t\t\t\t<div class=\"elementor-widget-container\">\n\t\t\t\t\t\t\t\t\t\t\t\t\t\t\t<img fetchpriority=\"high\" decoding=\"async\" width=\"1024\" height=\"763\" src=\"https:\/\/doublemyleads.com\/wp-content\/uploads\/2024\/09\/Channels-and-AI-WTLAI-1024x763.png\" class=\"attachment-large size-large wp-image-2154\" alt=\"\" srcset=\"https:\/\/doublemyleads.com\/wp-content\/uploads\/2024\/09\/Channels-and-AI-WTLAI-1024x763.png 1024w, https:\/\/doublemyleads.com\/wp-content\/uploads\/2024\/09\/Channels-and-AI-WTLAI-300x224.png 300w, https:\/\/doublemyleads.com\/wp-content\/uploads\/2024\/09\/Channels-and-AI-WTLAI-768x572.png 768w, https:\/\/doublemyleads.com\/wp-content\/uploads\/2024\/09\/Channels-and-AI-WTLAI-1536x1145.png 1536w, https:\/\/doublemyleads.com\/wp-content\/uploads\/2024\/09\/Channels-and-AI-WTLAI-2048x1526.png 2048w\" sizes=\"(max-width: 1024px) 100vw, 1024px\" \/>\t\t\t\t\t\t\t\t\t\t\t\t\t\t\t<\/div>\n\t\t\t\t<\/div>\n\t\t\t\t\t<\/div>\n\t\t<\/div>\n\t\t\t\t<div class=\"elementor-column elementor-col-16 elementor-top-column elementor-element elementor-element-a3421e5\" data-id=\"a3421e5\" data-element_type=\"column\" data-e-type=\"column\">\n\t\t\t<div class=\"elementor-widget-wrap\">\n\t\t\t\t\t\t\t<\/div>\n\t\t<\/div>\n\t\t\t\t\t<\/div>\n\t\t<\/section>\n\t\t\t\t<section class=\"elementor-section elementor-top-section elementor-element elementor-element-48c112d elementor-section-boxed elementor-section-height-default elementor-section-height-default\" data-id=\"48c112d\" data-element_type=\"section\" data-e-type=\"section\">\n\t\t\t\t\t\t<div class=\"elementor-container elementor-column-gap-default\">\n\t\t\t\t\t<div class=\"elementor-column elementor-col-16 elementor-top-column elementor-element elementor-element-977cad1\" data-id=\"977cad1\" data-element_type=\"column\" data-e-type=\"column\">\n\t\t\t<div class=\"elementor-widget-wrap\">\n\t\t\t\t\t\t\t<\/div>\n\t\t<\/div>\n\t\t\t\t<div class=\"elementor-column elementor-col-66 elementor-top-column elementor-element elementor-element-cec4a11\" data-id=\"cec4a11\" data-element_type=\"column\" data-e-type=\"column\">\n\t\t\t<div class=\"elementor-widget-wrap elementor-element-populated\">\n\t\t\t\t\t\t<div class=\"elementor-element elementor-element-a8175db elementor-widget elementor-widget-heading\" data-id=\"a8175db\" data-element_type=\"widget\" data-e-type=\"widget\" data-widget_type=\"heading.default\">\n\t\t\t\t<div class=\"elementor-widget-container\">\n\t\t\t\t\t<h1 class=\"elementor-heading-title elementor-size-default\">Integraciones de WhatsApp e Inteligencia Artificial para <span style=\"color: var(--ast-global-color-7);font-size: 4rem;background-color: var(--ast-global-color-6)\">Go High Level<\/span><span style=\"color: var(--ast-global-color-7);font-size: 4rem;font-style: inherit;background-color: var(--ast-global-color-6)\"><\/span><br><\/h1>\t\t\t\t<\/div>\n\t\t\t\t<\/div>\n\t\t\t\t\t<\/div>\n\t\t<\/div>\n\t\t\t\t<div class=\"elementor-column elementor-col-16 elementor-top-column elementor-element elementor-element-cf6165e\" data-id=\"cf6165e\" data-element_type=\"column\" data-e-type=\"column\">\n\t\t\t<div class=\"elementor-widget-wrap\">\n\t\t\t\t\t\t\t<\/div>\n\t\t<\/div>\n\t\t\t\t\t<\/div>\n\t\t<\/section>\n\t\t\t\t<section class=\"elementor-section elementor-inner-section elementor-element elementor-element-62e41d9 elementor-section-boxed elementor-section-height-default elementor-section-height-default\" data-id=\"62e41d9\" data-element_type=\"section\" data-e-type=\"section\">\n\t\t\t\t\t\t<div class=\"elementor-container elementor-column-gap-default\">\n\t\t\t\t\t<div class=\"elementor-column elementor-col-50 elementor-inner-column elementor-element elementor-element-8317987\" data-id=\"8317987\" data-element_type=\"column\" data-e-type=\"column\" data-settings=\"{&quot;background_background&quot;:&quot;classic&quot;}\">\n\t\t\t<div class=\"elementor-widget-wrap elementor-element-populated\">\n\t\t\t\t\t\t<div class=\"elementor-element elementor-element-623da3e elementor-widget elementor-widget-image\" data-id=\"623da3e\" data-element_type=\"widget\" data-e-type=\"widget\" data-widget_type=\"image.default\">\n\t\t\t\t<div class=\"elementor-widget-container\">\n\t\t\t\t\t\t\t\t\t\t\t\t\t\t\t<img decoding=\"async\" width=\"300\" height=\"86\" src=\"https:\/\/doublemyleads.com\/wp-content\/uploads\/2025\/03\/WAsendr-logo-1-300x86.png\" class=\"attachment-medium size-medium wp-image-2642\" alt=\"\" srcset=\"https:\/\/doublemyleads.com\/wp-content\/uploads\/2025\/03\/WAsendr-logo-1-300x86.png 300w, https:\/\/doublemyleads.com\/wp-content\/uploads\/2025\/03\/WAsendr-logo-1.png 513w\" sizes=\"(max-width: 300px) 100vw, 300px\" \/>\t\t\t\t\t\t\t\t\t\t\t\t\t\t\t<\/div>\n\t\t\t\t<\/div>\n\t\t\t\t<div class=\"elementor-element elementor-element-cb8e6e0 elementor-widget elementor-widget-text-editor\" data-id=\"cb8e6e0\" data-element_type=\"widget\" data-e-type=\"widget\" data-widget_type=\"text-editor.default\">\n\t\t\t\t<div class=\"elementor-widget-container\">\n\t\t\t\t\t\t\t\t\t<p>WAsendr es la integraci\u00f3n de Double My Leads WhatsApp con la plataforma Go High Level. Conecta a tus clientes con <b>Go High Level y WhatsApp en 5 minutos o menos<\/b> con nuestra integraci\u00f3n f\u00e1cil de usar y<u>sin coste por mensaje por s\u00f3lo 1 tarifa mensual.<\/u><\/p>\t\t\t\t\t\t\t\t<\/div>\n\t\t\t\t<\/div>\n\t\t\t\t<div class=\"elementor-element elementor-element-88e1b72 elementor-align-center elementor-widget__width-inherit e-transform elementor-widget elementor-widget-button\" data-id=\"88e1b72\" data-element_type=\"widget\" data-e-type=\"widget\" data-settings=\"{&quot;_transform_rotateZ_effect&quot;:{&quot;unit&quot;:&quot;px&quot;,&quot;size&quot;:&quot;&quot;,&quot;sizes&quot;:[]},&quot;_transform_rotateZ_effect_tablet&quot;:{&quot;unit&quot;:&quot;deg&quot;,&quot;size&quot;:&quot;&quot;,&quot;sizes&quot;:[]},&quot;_transform_rotateZ_effect_mobile&quot;:{&quot;unit&quot;:&quot;deg&quot;,&quot;size&quot;:&quot;&quot;,&quot;sizes&quot;:[]}}\" data-widget_type=\"button.default\">\n\t\t\t\t<div class=\"elementor-widget-container\">\n\t\t\t\t\t\t\t\t\t<div class=\"elementor-button-wrapper\">\n\t\t\t\t\t<a class=\"elementor-button elementor-button-link elementor-size-sm\" href=\"https:\/\/doublemyleads.com\/es\/wasendr\/\">\n\t\t\t\t\t\t<span class=\"elementor-button-content-wrapper\">\n\t\t\t\t\t\t\t\t\t<span class=\"elementor-button-text\">M\u00e1s informaci\u00f3n<\/span>\n\t\t\t\t\t<\/span>\n\t\t\t\t\t<\/a>\n\t\t\t\t<\/div>\n\t\t\t\t\t\t\t\t<\/div>\n\t\t\t\t<\/div>\n\t\t\t\t\t<\/div>\n\t\t<\/div>\n\t\t\t\t<div class=\"elementor-column elementor-col-50 elementor-inner-column elementor-element elementor-element-76aa8ae\" data-id=\"76aa8ae\" data-element_type=\"column\" data-e-type=\"column\" data-settings=\"{&quot;background_background&quot;:&quot;classic&quot;}\">\n\t\t\t<div class=\"elementor-widget-wrap elementor-element-populated\">\n\t\t\t\t\t\t<div class=\"elementor-element elementor-element-1c23613 elementor-widget elementor-widget-image\" data-id=\"1c23613\" data-element_type=\"widget\" data-e-type=\"widget\" data-widget_type=\"image.default\">\n\t\t\t\t<div class=\"elementor-widget-container\">\n\t\t\t\t\t\t\t\t\t\t\t\t\t\t\t<img decoding=\"async\" width=\"1024\" height=\"207\" src=\"https:\/\/doublemyleads.com\/wp-content\/uploads\/2024\/09\/logo-WTLAI-1-1024x207.png\" class=\"attachment-large size-large wp-image-2170\" alt=\"\" srcset=\"https:\/\/doublemyleads.com\/wp-content\/uploads\/2024\/09\/logo-WTLAI-1-1024x207.png 1024w, https:\/\/doublemyleads.com\/wp-content\/uploads\/2024\/09\/logo-WTLAI-1-300x61.png 300w, https:\/\/doublemyleads.com\/wp-content\/uploads\/2024\/09\/logo-WTLAI-1-768x156.png 768w, https:\/\/doublemyleads.com\/wp-content\/uploads\/2024\/09\/logo-WTLAI-1-1536x311.png 1536w, https:\/\/doublemyleads.com\/wp-content\/uploads\/2024\/09\/logo-WTLAI-1-2048x415.png 2048w\" sizes=\"(max-width: 1024px) 100vw, 1024px\" \/>\t\t\t\t\t\t\t\t\t\t\t\t\t\t\t<\/div>\n\t\t\t\t<\/div>\n\t\t\t\t<div class=\"elementor-element elementor-element-e47a975 elementor-widget elementor-widget-text-editor\" data-id=\"e47a975\" data-element_type=\"widget\" data-e-type=\"widget\" data-widget_type=\"text-editor.default\">\n\t\t\t\t<div class=\"elementor-widget-container\">\n\t\t\t\t\t\t\t\t\t<p>Agiliza las interacciones con clientes potenciales y clientes en todos los canales de tu Cuenta de Alto Nivel Go, como WhatsApp, Chat en Directo, Facebook, Instagram y Google My Business, utilizando una \u00fanica y potente soluci\u00f3n de IA.  <b>Utilizamos los \u00faltimos modelos LLM de OpenAI y Google Gemini.<\/b><\/p>\t\t\t\t\t\t\t\t<\/div>\n\t\t\t\t<\/div>\n\t\t\t\t<div class=\"elementor-element elementor-element-0cc3606 elementor-align-center elementor-widget__width-inherit e-transform elementor-widget elementor-widget-button\" data-id=\"0cc3606\" data-element_type=\"widget\" data-e-type=\"widget\" data-settings=\"{&quot;_transform_rotateZ_effect&quot;:{&quot;unit&quot;:&quot;px&quot;,&quot;size&quot;:&quot;&quot;,&quot;sizes&quot;:[]},&quot;_transform_rotateZ_effect_tablet&quot;:{&quot;unit&quot;:&quot;deg&quot;,&quot;size&quot;:&quot;&quot;,&quot;sizes&quot;:[]},&quot;_transform_rotateZ_effect_mobile&quot;:{&quot;unit&quot;:&quot;deg&quot;,&quot;size&quot;:&quot;&quot;,&quot;sizes&quot;:[]}}\" data-widget_type=\"button.default\">\n\t\t\t\t<div class=\"elementor-widget-container\">\n\t\t\t\t\t\t\t\t\t<div class=\"elementor-button-wrapper\">\n\t\t\t\t\t<a class=\"elementor-button elementor-button-link elementor-size-sm\" href=\"#\">\n\t\t\t\t\t\t<span class=\"elementor-button-content-wrapper\">\n\t\t\t\t\t\t\t\t\t<span class=\"elementor-button-text\">Pr\u00f3ximamente<\/span>\n\t\t\t\t\t<\/span>\n\t\t\t\t\t<\/a>\n\t\t\t\t<\/div>\n\t\t\t\t\t\t\t\t<\/div>\n\t\t\t\t<\/div>\n\t\t\t\t\t<\/div>\n\t\t<\/div>\n\t\t\t\t\t<\/div>\n\t\t<\/section>\n\t\t\t\t<\/div>\n\t\t","protected":false},"excerpt":{"rendered":"<p>Integraciones de WhatsApp e Inteligencia Artificial para Go High Level WAsendr es la integraci\u00f3n de Double My Leads WhatsApp con la plataforma Go High Level. Conecta a tus clientes con Go High Level y WhatsApp en 5 minutos o menos con nuestra integraci\u00f3n f\u00e1cil de usar ysin coste por mensaje por s\u00f3lo 1 tarifa mensual. [&hellip;]<\/p>\n","protected":false},"author":1,"featured_media":2672,"parent":0,"menu_order":0,"comment_status":"closed","ping_status":"closed","template":"","meta":{"site-sidebar-layout":"no-sidebar","site-content-layout":"page-builder","ast-site-content-layout":"full-width-container","site-content-style":"default","site-sidebar-style":"default","ast-global-header-display":"","ast-banner-title-visibility":"","ast-main-header-display":"","ast-hfb-above-header-display":"","ast-hfb-below-header-display":"","ast-hfb-mobile-header-display":"","site-post-title":"","ast-breadcrumbs-content":"","ast-featured-img":"disabled","footer-sml-layout":"","ast-disable-related-posts":"","theme-transparent-header-meta":"default","adv-header-id-meta":"","stick-header-meta":"default","header-above-stick-meta":"","header-main-stick-meta":"","header-below-stick-meta":"","astra-migrate-meta-layouts":"set","ast-page-background-enabled":"default","ast-page-background-meta":{"desktop":{"background-color":"var(--ast-global-color-4)","background-image":"","background-repeat":"repeat","background-position":"center center","background-size":"auto","background-attachment":"scroll","background-type":"","background-media":"","overlay-type":"","overlay-color":"","overlay-opacity":"","overlay-gradient":""},"tablet":{"background-color":"","background-image":"","background-repeat":"repeat","background-position":"center center","background-size":"auto","background-attachment":"scroll","background-type":"","background-media":"","overlay-type":"","overlay-color":"","overlay-opacity":"","overlay-gradient":""},"mobile":{"background-color":"","background-image":"","background-repeat":"repeat","background-position":"center center","background-size":"auto","background-attachment":"scroll","background-type":"","background-media":"","overlay-type":"","overlay-color":"","overlay-opacity":"","overlay-gradient":""}},"ast-content-background-meta":{"desktop":{"background-color":"var(--ast-global-color-5)","background-image":"","background-repeat":"repeat","background-position":"center center","background-size":"auto","background-attachment":"scroll","background-type":"","background-media":"","overlay-type":"","overlay-color":"","overlay-opacity":"","overlay-gradient":""},"tablet":{"background-color":"var(--ast-global-color-5)","background-image":"","background-repeat":"repeat","background-position":"center center","background-size":"auto","background-attachment":"scroll","background-type":"","background-media":"","overlay-type":"","overlay-color":"","overlay-opacity":"","overlay-gradient":""},"mobile":{"background-color":"var(--ast-global-color-5)","background-image":"","background-repeat":"repeat","background-position":"center center","background-size":"auto","background-attachment":"scroll","background-type":"","background-media":"","overlay-type":"","overlay-color":"","overlay-opacity":"","overlay-gradient":""}},"_metasync_otto_title":"","_metasync_otto_description":"","_metasync_otto_keywords":"","_metasync_otto_og_title":"","_metasync_otto_og_description":"","_metasync_otto_twitter_title":"","_metasync_otto_twitter_description":"","rank_math_title":"Integraciones de WhatsApp y AI para Go High Level","rank_math_description":"Consigue las integraciones de WhatsApp y AI para tu Agencia Go High Level. Vender WhatsApp e IA en modo SaaS","_yoast_wpseo_title":"","_yoast_wpseo_metadesc":"","_aioseo_title":"","_aioseo_description":"","_metasync_seo_title":"","_metasync_seo_desc":"","_metasync_otto_disabled":"","footnotes":""},"class_list":["post-2614","page","type-page","status-publish","has-post-thumbnail","hentry"],"_links":{"self":[{"href":"https:\/\/doublemyleads.com\/es\/wp-json\/wp\/v2\/pages\/2614","targetHints":{"allow":["GET"]}}],"collection":[{"href":"https:\/\/doublemyleads.com\/es\/wp-json\/wp\/v2\/pages"}],"about":[{"href":"https:\/\/doublemyleads.com\/es\/wp-json\/wp\/v2\/types\/page"}],"author":[{"embeddable":true,"href":"https:\/\/doublemyleads.com\/es\/wp-json\/wp\/v2\/users\/1"}],"replies":[{"embeddable":true,"href":"https:\/\/doublemyleads.com\/es\/wp-json\/wp\/v2\/comments?post=2614"}],"version-history":[{"count":10,"href":"https:\/\/doublemyleads.com\/es\/wp-json\/wp\/v2\/pages\/2614\/revisions"}],"predecessor-version":[{"id":2649,"href":"https:\/\/doublemyleads.com\/es\/wp-json\/wp\/v2\/pages\/2614\/revisions\/2649"}],"wp:featuredmedia":[{"embeddable":true,"href":"https:\/\/doublemyleads.com\/es\/wp-json\/wp\/v2\/media\/2672"}],"wp:attachment":[{"href":"https:\/\/doublemyleads.com\/es\/wp-json\/wp\/v2\/media?parent=2614"}],"curies":[{"name":"wp","href":"https:\/\/api.w.org\/{rel}","templated":true}]}}