{"id":1481,"date":"2023-02-08T16:36:41","date_gmt":"2023-02-08T16:36:41","guid":{"rendered":"https:\/\/doublemyleads.com\/precios\/"},"modified":"2025-05-19T00:07:39","modified_gmt":"2025-05-19T00:07:39","slug":"precios","status":"publish","type":"page","link":"https:\/\/doublemyleads.com\/es\/wasendr\/precios\/","title":{"rendered":"Precios"},"content":{"rendered":"\t\t<div data-elementor-type=\"wp-page\" data-elementor-id=\"1481\" class=\"elementor elementor-1481 elementor-12\">\n\t\t\t\t\t\t<section class=\"elementor-section elementor-top-section elementor-element elementor-element-351c588 elementor-section-boxed elementor-section-height-default elementor-section-height-default\" data-id=\"351c588\" data-element_type=\"section\" data-e-type=\"section\" data-settings=\"{&quot;background_background&quot;:&quot;classic&quot;}\">\n\t\t\t\t\t\t<div class=\"elementor-container elementor-column-gap-default\">\n\t\t\t\t\t<div class=\"elementor-column elementor-col-100 elementor-top-column elementor-element elementor-element-f86b589\" data-id=\"f86b589\" data-element_type=\"column\" data-e-type=\"column\">\n\t\t\t<div class=\"elementor-widget-wrap elementor-element-populated\">\n\t\t\t\t\t\t<div class=\"elementor-element elementor-element-f2cade7 elementor-widget elementor-widget-heading\" data-id=\"f2cade7\" data-element_type=\"widget\" data-e-type=\"widget\" data-widget_type=\"heading.default\">\n\t\t\t\t<div class=\"elementor-widget-container\">\n\t\t\t\t\t<h1 class=\"elementor-heading-title elementor-size-default\">WhatsApp + AI + GHL = $$$<\/h1>\t\t\t\t<\/div>\n\t\t\t\t<\/div>\n\t\t\t\t<div class=\"elementor-element elementor-element-fcd3c3d elementor-widget elementor-widget-spacer\" data-id=\"fcd3c3d\" data-element_type=\"widget\" data-e-type=\"widget\" data-widget_type=\"spacer.default\">\n\t\t\t\t<div class=\"elementor-widget-container\">\n\t\t\t\t\t\t\t<div class=\"elementor-spacer\">\n\t\t\t<div class=\"elementor-spacer-inner\"><\/div>\n\t\t<\/div>\n\t\t\t\t\t\t<\/div>\n\t\t\t\t<\/div>\n\t\t\t\t<div class=\"elementor-element elementor-element-73bbbb3 elementor-widget elementor-widget-text-editor\" data-id=\"73bbbb3\" data-element_type=\"widget\" data-e-type=\"widget\" data-widget_type=\"text-editor.default\">\n\t\t\t\t<div class=\"elementor-widget-container\">\n\t\t\t\t\t\t\t\t\t<p><b>Reg\u00edstrate ahora para conseguir 5 d\u00edas de prueba GRATIS.  <\/b><\/p><p><span style=\"font-style: inherit; font-weight: inherit; background-color: transparent; color: var(--ast-global-color-8);\">Despu\u00e9s de tu Prueba, puedes comprar cuentas para vender a tus clientes.  <\/span><\/p>\t\t\t\t\t\t\t\t<\/div>\n\t\t\t\t<\/div>\n\t\t\t\t<div class=\"elementor-element elementor-element-67d88ad elementor-align-center elementor-widget elementor-widget-button\" data-id=\"67d88ad\" data-element_type=\"widget\" data-e-type=\"widget\" data-widget_type=\"button.default\">\n\t\t\t\t<div class=\"elementor-widget-container\">\n\t\t\t\t\t\t\t\t\t<div class=\"elementor-button-wrapper\">\n\t\t\t\t\t<a class=\"elementor-button elementor-button-link elementor-size-xs\" href=\"https:\/\/dashboard.doublemyleads.com\/signup\" target=\"_blank\">\n\t\t\t\t\t\t<span class=\"elementor-button-content-wrapper\">\n\t\t\t\t\t\t\t\t\t<span class=\"elementor-button-text\">Consigue mi prueba GRATUITA de 5 d\u00edas<\/span>\n\t\t\t\t\t<\/span>\n\t\t\t\t\t<\/a>\n\t\t\t\t<\/div>\n\t\t\t\t\t\t\t\t<\/div>\n\t\t\t\t<\/div>\n\t\t\t\t<div class=\"elementor-element elementor-element-8140bad elementor-widget-divider--separator-type-pattern elementor-widget-divider--view-line elementor-widget elementor-widget-divider\" data-id=\"8140bad\" data-element_type=\"widget\" data-e-type=\"widget\" data-widget_type=\"divider.default\">\n\t\t\t\t<div class=\"elementor-widget-container\">\n\t\t\t\t\t\t\t<div class=\"elementor-divider\" style=\"--divider-pattern-url: url(&quot;data:image\/svg+xml,%3Csvg xmlns=&#039;http:\/\/www.w3.org\/2000\/svg&#039; preserveAspectRatio=&#039;none&#039; overflow=&#039;visible&#039; height=&#039;100%&#039; viewBox=&#039;0 0 24 24&#039; fill=&#039;black&#039; stroke=&#039;none&#039;%3E%3Cpolygon points=&#039;9.4,2 24,2 14.6,21.6 0,21.6&#039;\/%3E%3C\/svg%3E&quot;);\">\n\t\t\t<span class=\"elementor-divider-separator\">\n\t\t\t\t\t\t<\/span>\n\t\t<\/div>\n\t\t\t\t\t\t<\/div>\n\t\t\t\t<\/div>\n\t\t\t\t\t<\/div>\n\t\t<\/div>\n\t\t\t\t\t<\/div>\n\t\t<\/section>\n\t\t\t\t<section class=\"elementor-section elementor-top-section elementor-element elementor-element-4b8ee6d elementor-section-boxed elementor-section-height-default elementor-section-height-default\" data-id=\"4b8ee6d\" data-element_type=\"section\" data-e-type=\"section\" id=\"pricingtable\" data-settings=\"{&quot;background_background&quot;:&quot;classic&quot;}\">\n\t\t\t\t\t\t<div class=\"elementor-container elementor-column-gap-default\">\n\t\t\t\t\t<div class=\"elementor-column elementor-col-100 elementor-top-column elementor-element elementor-element-25c08b39\" data-id=\"25c08b39\" data-element_type=\"column\" data-e-type=\"column\">\n\t\t\t<div class=\"elementor-widget-wrap\">\n\t\t\t\t\t\t\t<\/div>\n\t\t<\/div>\n\t\t\t\t\t<\/div>\n\t\t<\/section>\n\t\t\t\t<section class=\"elementor-section elementor-top-section elementor-element elementor-element-796170e elementor-section-boxed elementor-section-height-default elementor-section-height-default\" data-id=\"796170e\" data-element_type=\"section\" data-e-type=\"section\" data-settings=\"{&quot;background_background&quot;:&quot;classic&quot;}\">\n\t\t\t\t\t\t<div class=\"elementor-container elementor-column-gap-default\">\n\t\t\t\t\t<div class=\"elementor-column elementor-col-16 elementor-top-column elementor-element elementor-element-9581d4c\" data-id=\"9581d4c\" data-element_type=\"column\" data-e-type=\"column\">\n\t\t\t<div class=\"elementor-widget-wrap\">\n\t\t\t\t\t\t\t<\/div>\n\t\t<\/div>\n\t\t\t\t<div class=\"elementor-column elementor-col-66 elementor-top-column elementor-element elementor-element-e9f01ef\" data-id=\"e9f01ef\" data-element_type=\"column\" data-e-type=\"column\">\n\t\t\t<div class=\"elementor-widget-wrap elementor-element-populated\">\n\t\t\t\t\t\t<div class=\"elementor-element elementor-element-3d6dab3 elementor-widget elementor-widget-image\" data-id=\"3d6dab3\" data-element_type=\"widget\" data-e-type=\"widget\" data-widget_type=\"image.default\">\n\t\t\t\t<div class=\"elementor-widget-container\">\n\t\t\t\t\t\t\t\t\t\t\t\t\t\t\t<img fetchpriority=\"high\" decoding=\"async\" width=\"1024\" height=\"432\" src=\"https:\/\/doublemyleads.com\/wp-content\/uploads\/2025\/03\/WAsendr-y-WorkTheLeadsAI-1024x432.png\" class=\"attachment-large size-large wp-image-2650\" alt=\"\" srcset=\"https:\/\/doublemyleads.com\/wp-content\/uploads\/2025\/03\/WAsendr-y-WorkTheLeadsAI-1024x432.png 1024w, https:\/\/doublemyleads.com\/wp-content\/uploads\/2025\/03\/WAsendr-y-WorkTheLeadsAI-300x127.png 300w, https:\/\/doublemyleads.com\/wp-content\/uploads\/2025\/03\/WAsendr-y-WorkTheLeadsAI-768x324.png 768w, https:\/\/doublemyleads.com\/wp-content\/uploads\/2025\/03\/WAsendr-y-WorkTheLeadsAI.png 1071w\" sizes=\"(max-width: 1024px) 100vw, 1024px\" \/>\t\t\t\t\t\t\t\t\t\t\t\t\t\t\t<\/div>\n\t\t\t\t<\/div>\n\t\t\t\t<div class=\"elementor-element elementor-element-bdf0dcb elementor-widget elementor-widget-text-editor\" data-id=\"bdf0dcb\" data-element_type=\"widget\" data-e-type=\"widget\" data-widget_type=\"text-editor.default\">\n\t\t\t\t<div class=\"elementor-widget-container\">\n\t\t\t\t\t\t\t\t\t<p>Work The Leads AI normalmente se vende por separado por <b>$197 USD al mes<\/b> para 1 Subcuenta. Para subcuentas ilimitadas de GHL, el coste es de <b> 397 USD al mes<\/b>. Por Tiempo Limitado puedes comprar <b>Work The Leads AI<\/b> incluido en tu plan mensual <b>WAsndr<\/b>.  <\/p><p><b>\u00a1Empieza a vender IA y WhatsApp a tus clientes hoy mismo!<\/b><\/p>\t\t\t\t\t\t\t\t<\/div>\n\t\t\t\t<\/div>\n\t\t\t\t\t<\/div>\n\t\t<\/div>\n\t\t\t\t<div class=\"elementor-column elementor-col-16 elementor-top-column elementor-element elementor-element-0f09d77\" data-id=\"0f09d77\" data-element_type=\"column\" data-e-type=\"column\">\n\t\t\t<div class=\"elementor-widget-wrap\">\n\t\t\t\t\t\t\t<\/div>\n\t\t<\/div>\n\t\t\t\t\t<\/div>\n\t\t<\/section>\n\t\t\t\t<section class=\"elementor-section elementor-top-section elementor-element elementor-element-93201de elementor-reverse-tablet elementor-reverse-mobile elementor-section-content-middle elementor-section-boxed elementor-section-height-default elementor-section-height-default\" data-id=\"93201de\" data-element_type=\"section\" data-e-type=\"section\" data-settings=\"{&quot;background_background&quot;:&quot;classic&quot;}\">\n\t\t\t\t\t\t<div class=\"elementor-container elementor-column-gap-default\">\n\t\t\t\t\t<div class=\"elementor-column elementor-col-50 elementor-top-column elementor-element elementor-element-92d25ed\" data-id=\"92d25ed\" data-element_type=\"column\" data-e-type=\"column\">\n\t\t\t<div class=\"elementor-widget-wrap elementor-element-populated\">\n\t\t\t\t\t\t<div class=\"elementor-element elementor-element-f62975e elementor-widget elementor-widget-image\" data-id=\"f62975e\" data-element_type=\"widget\" data-e-type=\"widget\" data-widget_type=\"image.default\">\n\t\t\t\t<div class=\"elementor-widget-container\">\n\t\t\t\t\t\t\t\t\t\t\t\t\t\t\t<img decoding=\"async\" width=\"1606\" height=\"816\" src=\"https:\/\/doublemyleads.com\/wp-content\/uploads\/2025\/03\/WAsendr-and-LLMs.png\" class=\"attachment-full size-full wp-image-2653\" alt=\"\" srcset=\"https:\/\/doublemyleads.com\/wp-content\/uploads\/2025\/03\/WAsendr-and-LLMs.png 1606w, https:\/\/doublemyleads.com\/wp-content\/uploads\/2025\/03\/WAsendr-and-LLMs-300x152.png 300w, https:\/\/doublemyleads.com\/wp-content\/uploads\/2025\/03\/WAsendr-and-LLMs-1024x520.png 1024w, https:\/\/doublemyleads.com\/wp-content\/uploads\/2025\/03\/WAsendr-and-LLMs-768x390.png 768w, https:\/\/doublemyleads.com\/wp-content\/uploads\/2025\/03\/WAsendr-and-LLMs-1536x780.png 1536w\" sizes=\"(max-width: 1606px) 100vw, 1606px\" \/>\t\t\t\t\t\t\t\t\t\t\t\t\t\t\t<\/div>\n\t\t\t\t<\/div>\n\t\t\t\t\t<\/div>\n\t\t<\/div>\n\t\t\t\t<div class=\"elementor-column elementor-col-50 elementor-top-column elementor-element elementor-element-ee821b1\" data-id=\"ee821b1\" data-element_type=\"column\" data-e-type=\"column\">\n\t\t\t<div class=\"elementor-widget-wrap elementor-element-populated\">\n\t\t\t\t\t\t<div class=\"elementor-element elementor-element-790cf0c elementor-widget elementor-widget-heading\" data-id=\"790cf0c\" data-element_type=\"widget\" data-e-type=\"widget\" data-widget_type=\"heading.default\">\n\t\t\t\t<div class=\"elementor-widget-container\">\n\t\t\t\t\t<h2 class=\"elementor-heading-title elementor-size-default\">Vende IA en tus conversaciones de Go High Level<\/h2>\t\t\t\t<\/div>\n\t\t\t\t<\/div>\n\t\t\t\t<div class=\"elementor-element elementor-element-5553ed8 elementor-widget elementor-widget-text-editor\" data-id=\"5553ed8\" data-element_type=\"widget\" data-e-type=\"widget\" data-widget_type=\"text-editor.default\">\n\t\t\t\t<div class=\"elementor-widget-container\">\n\t\t\t\t\t\t\t\t\t<p><span style=\"font-style: inherit; font-weight: inherit; background-color: var(--ast-global-color-6); color: var(--ast-global-color-8);\">Integra los canales de tu cuenta Go High Level, como WhatsApp, Live Chat, Facebook, Instagram y Google My Business, utilizando una \u00fanica y potente soluci\u00f3n de IA. <\/span><span style=\"font-style: inherit; background-color: var(--ast-global-color-6); color: var(--ast-global-color-8); font-weight: bold;\">Utilizamos OpenAI y Google<\/span><span style=\"font-weight: 700; background-color: var(--ast-global-color-6); color: var(--ast-global-color-8);\">&#8216;s<\/span><span style=\"background-color: var(--ast-global-color-6); color: var(--ast-global-color-8); font-style: inherit; font-weight: bold;\"> Gemini de Google.<\/span><\/p>\t\t\t\t\t\t\t\t<\/div>\n\t\t\t\t<\/div>\n\t\t\t\t<div class=\"elementor-element elementor-element-200eb61 elementor-tablet-align-start elementor-align-start elementor-icon-list--layout-traditional elementor-list-item-link-full_width elementor-widget elementor-widget-icon-list\" data-id=\"200eb61\" data-element_type=\"widget\" data-e-type=\"widget\" data-widget_type=\"icon-list.default\">\n\t\t\t\t<div class=\"elementor-widget-container\">\n\t\t\t\t\t\t\t<ul class=\"elementor-icon-list-items\">\n\t\t\t\t\t\t\t<li class=\"elementor-icon-list-item\">\n\t\t\t\t\t\t\t\t\t\t\t<span class=\"elementor-icon-list-icon\">\n\t\t\t\t\t\t\t<i aria-hidden=\"true\" class=\"fas fa-robot\"><\/i>\t\t\t\t\t\t<\/span>\n\t\t\t\t\t\t\t\t\t\t<span class=\"elementor-icon-list-text\">Vende diferentes Bots de Inteligencia Artificial en cada Subcuenta de Cliente, como Chat en Directo (puede incrustarse en los sitios web de los clientes), Reserva, No Reserva, Calificaci\u00f3n, Asistente.<\/span>\n\t\t\t\t\t\t\t\t\t<\/li>\n\t\t\t\t\t\t\t\t<li class=\"elementor-icon-list-item\">\n\t\t\t\t\t\t\t\t\t\t\t<span class=\"elementor-icon-list-icon\">\n\t\t\t\t\t\t\t<i aria-hidden=\"true\" class=\"fas fa-check\"><\/i>\t\t\t\t\t\t<\/span>\n\t\t\t\t\t\t\t\t\t\t<span class=\"elementor-icon-list-text\">Paga mensualmente y consigue los \u00faltimos modelos de IA. El uso de la IA es GRATUITO, no necesitas utilizar tu Clave API. OpenAI GPT-4o mini GRATIS, Google Gemini 1.5 Flash GRATIS<\/span>\n\t\t\t\t\t\t\t\t\t<\/li>\n\t\t\t\t\t\t\t\t<li class=\"elementor-icon-list-item\">\n\t\t\t\t\t\t\t\t\t\t\t<span class=\"elementor-icon-list-icon\">\n\t\t\t\t\t\t\t<i aria-hidden=\"true\" class=\"fas fa-comment-dollar\"><\/i>\t\t\t\t\t\t<\/span>\n\t\t\t\t\t\t\t\t\t\t<span class=\"elementor-icon-list-text\">Tu MRR del Modo SaaS aumentar\u00e1 al ofrecer Bots de IA. Vende IA a tus clientes.  <\/span>\n\t\t\t\t\t\t\t\t\t<\/li>\n\t\t\t\t\t\t<\/ul>\n\t\t\t\t\t\t<\/div>\n\t\t\t\t<\/div>\n\t\t\t\t\t<\/div>\n\t\t<\/div>\n\t\t\t\t\t<\/div>\n\t\t<\/section>\n\t\t\t\t<\/div>\n\t\t","protected":false},"excerpt":{"rendered":"<p>WhatsApp + AI + GHL = $$$ Reg\u00edstrate ahora para conseguir 5 d\u00edas de prueba GRATIS. Despu\u00e9s de tu Prueba, puedes comprar cuentas para vender a tus clientes. Consigue mi prueba GRATUITA de 5 d\u00edas 1 Client Perfect for starting out 10 Clients Get WAsendr and Work The Leads AI Unlimited Clients Get WAsendr and [&hellip;]<\/p>\n","protected":false},"author":1,"featured_media":0,"parent":1473,"menu_order":0,"comment_status":"closed","ping_status":"closed","template":"","meta":{"site-sidebar-layout":"no-sidebar","site-content-layout":"page-builder","ast-site-content-layout":"full-width-container","site-content-style":"unboxed","site-sidebar-style":"unboxed","ast-global-header-display":"","ast-banner-title-visibility":"","ast-main-header-display":"","ast-hfb-above-header-display":"","ast-hfb-below-header-display":"","ast-hfb-mobile-header-display":"","site-post-title":"","ast-breadcrumbs-content":"","ast-featured-img":"disabled","footer-sml-layout":"","ast-disable-related-posts":"","theme-transparent-header-meta":"default","adv-header-id-meta":"","stick-header-meta":"default","header-above-stick-meta":"","header-main-stick-meta":"","header-below-stick-meta":"","astra-migrate-meta-layouts":"set","ast-page-background-enabled":"default","ast-page-background-meta":{"desktop":{"background-color":"var(--ast-global-color-4)","background-image":"","background-repeat":"repeat","background-position":"center center","background-size":"auto","background-attachment":"scroll","background-type":"","background-media":"","overlay-type":"","overlay-color":"","overlay-opacity":"","overlay-gradient":""},"tablet":{"background-color":"","background-image":"","background-repeat":"repeat","background-position":"center center","background-size":"auto","background-attachment":"scroll","background-type":"","background-media":"","overlay-type":"","overlay-color":"","overlay-opacity":"","overlay-gradient":""},"mobile":{"background-color":"","background-image":"","background-repeat":"repeat","background-position":"center center","background-size":"auto","background-attachment":"scroll","background-type":"","background-media":"","overlay-type":"","overlay-color":"","overlay-opacity":"","overlay-gradient":""}},"ast-content-background-meta":{"desktop":{"background-color":"var(--ast-global-color-5)","background-image":"","background-repeat":"repeat","background-position":"center center","background-size":"auto","background-attachment":"scroll","background-type":"","background-media":"","overlay-type":"","overlay-color":"","overlay-opacity":"","overlay-gradient":""},"tablet":{"background-color":"var(--ast-global-color-5)","background-image":"","background-repeat":"repeat","background-position":"center center","background-size":"auto","background-attachment":"scroll","background-type":"","background-media":"","overlay-type":"","overlay-color":"","overlay-opacity":"","overlay-gradient":""},"mobile":{"background-color":"var(--ast-global-color-5)","background-image":"","background-repeat":"repeat","background-position":"center center","background-size":"auto","background-attachment":"scroll","background-type":"","background-media":"","overlay-type":"","overlay-color":"","overlay-opacity":"","overlay-gradient":""}},"_metasync_otto_title":"Descubre los Precios de WhatsApp y AI: Double My Leads y M\u00e1s","_metasync_otto_description":"Double My Leads: Integraci\u00f3n WhatsApp para vender m\u00e1s. Prueba gratuita disponible. Descubre nuestros precios ahora.","_metasync_otto_keywords":"WhatsApp Business, WhatsApp integrations, WhatsApp lead management, WhatsApp pricing, AI lead generation, lead capture, sales automation, business solutions","_metasync_otto_og_title":"","_metasync_otto_og_description":"Vende WhatsApp Business con Go High Level.","_metasync_otto_twitter_title":"","_metasync_otto_twitter_description":"Potencia tus ventas con WhatsApp Business Multiagente. Integra Go High Level y revende cuentas. #WhatsAppIntegracion","rank_math_title":"Descubre los Precios de WhatsApp y AI: Double My Leads y M\u00e1s","rank_math_description":"Double My Leads: Integraci\u00f3n WhatsApp para vender m\u00e1s. Prueba gratuita disponible. Descubre nuestros precios ahora.","_yoast_wpseo_title":"","_yoast_wpseo_metadesc":"","_aioseo_title":"","_aioseo_description":"","_metasync_seo_title":"","_metasync_seo_desc":"","_metasync_otto_disabled":"","footnotes":""},"class_list":["post-1481","page","type-page","status-publish","hentry"],"_links":{"self":[{"href":"https:\/\/doublemyleads.com\/es\/wp-json\/wp\/v2\/pages\/1481","targetHints":{"allow":["GET"]}}],"collection":[{"href":"https:\/\/doublemyleads.com\/es\/wp-json\/wp\/v2\/pages"}],"about":[{"href":"https:\/\/doublemyleads.com\/es\/wp-json\/wp\/v2\/types\/page"}],"author":[{"embeddable":true,"href":"https:\/\/doublemyleads.com\/es\/wp-json\/wp\/v2\/users\/1"}],"replies":[{"embeddable":true,"href":"https:\/\/doublemyleads.com\/es\/wp-json\/wp\/v2\/comments?post=1481"}],"version-history":[{"count":42,"href":"https:\/\/doublemyleads.com\/es\/wp-json\/wp\/v2\/pages\/1481\/revisions"}],"predecessor-version":[{"id":2699,"href":"https:\/\/doublemyleads.com\/es\/wp-json\/wp\/v2\/pages\/1481\/revisions\/2699"}],"up":[{"embeddable":true,"href":"https:\/\/doublemyleads.com\/es\/wp-json\/wp\/v2\/pages\/1473"}],"wp:attachment":[{"href":"https:\/\/doublemyleads.com\/es\/wp-json\/wp\/v2\/media?parent=1481"}],"curies":[{"name":"wp","href":"https:\/\/api.w.org\/{rel}","templated":true}]}}